{"id":213,"date":"2025-11-10T07:42:42","date_gmt":"2025-11-10T07:42:42","guid":{"rendered":"https:\/\/lavidaplus.io.vn\/?page_id=213"},"modified":"2025-11-20T02:29:48","modified_gmt":"2025-11-20T02:29:48","slug":"dieu-khoan-su-dung","status":"publish","type":"page","link":"https:\/\/lavidaplus.io.vn\/?page_id=213","title":{"rendered":"\u0110i\u1ec1u Kho\u1ea3n S\u1eed D\u1ee5ng"},"content":{"rendered":"\t\t<div data-elementor-type=\"wp-page\" data-elementor-id=\"213\" class=\"elementor elementor-213\">\n\t\t\t\t<div class=\"elementor-element elementor-element-69ecc9d e-flex e-con-boxed e-con e-parent\" data-id=\"69ecc9d\" data-element_type=\"container\">\n\t\t\t\t\t<div class=\"e-con-inner\">\n\t\t\t\t<div class=\"elementor-element elementor-element-f5e30a3 elementor-widget elementor-widget-image\" data-id=\"f5e30a3\" data-element_type=\"widget\" data-widget_type=\"image.default\">\n\t\t\t\t\t\t\t\t\t\t\t\t\t\t\t<img decoding=\"async\" src=\"https:\/\/lavidaplus.io.vn\/wp-content\/uploads\/2025\/11\/9-1.png\" title=\"9\" alt=\"9\" loading=\"lazy\" \/>\t\t\t\t\t\t\t\t\t\t\t\t\t\t\t<\/div>\n\t\t\t\t\t<\/div>\n\t\t\t\t<\/div>\n\t\t<div class=\"elementor-element elementor-element-992cffb e-flex e-con-boxed e-con e-parent\" data-id=\"992cffb\" data-element_type=\"container\">\n\t\t\t\t\t<div class=\"e-con-inner\">\n\t\t\t\t<div class=\"elementor-element elementor-element-ee0cbd1 elementor-widget elementor-widget-heading\" data-id=\"ee0cbd1\" data-element_type=\"widget\" data-widget_type=\"heading.default\">\n\t\t\t\t\t<h2 class=\"elementor-heading-title elementor-size-default\">*** \u0110i\u1ec1u Kho\u1ea3n S\u1eed D\u1ee5ng.<\/h2>\t\t\t\t<\/div>\n\t\t\t\t\t<\/div>\n\t\t\t\t<\/div>\n\t\t<div class=\"elementor-element elementor-element-ff9d053 e-flex e-con-boxed e-con e-parent\" data-id=\"ff9d053\" data-element_type=\"container\">\n\t\t\t\t\t<div class=\"e-con-inner\">\n\t\t\t\t<div class=\"elementor-element elementor-element-8e71169 elementor-widget elementor-widget-text-editor\" data-id=\"8e71169\" data-element_type=\"widget\" data-widget_type=\"text-editor.default\">\n\t\t\t\t\t\t\t\t\t<p class=\"zfr3Q CDt4Ke \" dir=\"ltr\"><span class=\"C9DxTc \">Khi truy c\u1eadp v\u00e0 s\u1eed d\u1ee5ng trang web n\u00e0y, b\u1ea1n \u0111\u1ed3ng \u00fd tu\u00e2n th\u1ee7 c\u00e1c \u0111i\u1ec1u kho\u1ea3n sau:<\/span><\/p>\n<p class=\"zfr3Q CDt4Ke \" dir=\"ltr\"><span class=\"C9DxTc \">1. **M\u1ee5c \u0111\u00edch s\u1eed d\u1ee5ng**<\/span><\/p>\n<p class=\"zfr3Q CDt4Ke \" dir=\"ltr\"><span class=\"C9DxTc \">&nbsp;&nbsp;&nbsp;Trang web cung c\u1ea5p th\u00f4ng tin tham kh\u1ea3o v\u1ec1 d\u1ef1 \u00e1n c\u0103n h\u1ed9 Lavida Plus Qu\u1eadn 7. M\u1ecdi n\u1ed9i dung \u0111\u1ec1u mang t\u00ednh ch\u1ea5t gi\u1edbi thi\u1ec7u v\u00e0 kh\u00f4ng c\u1ea5u th\u00e0nh l\u1eddi m\u1eddi g\u1ecdi \u0111\u1ea7u t\u01b0 ch\u00ednh th\u1ee9c.<\/span><\/p>\n<p class=\"zfr3Q CDt4Ke \" dir=\"ltr\"><span class=\"C9DxTc \">2. **Th\u00f4ng tin tr\u00ean trang**<\/span><\/p>\n<p class=\"zfr3Q CDt4Ke \" dir=\"ltr\"><span class=\"C9DxTc \">&nbsp;&nbsp;&nbsp;Ch\u00fang t\u00f4i c\u1ed1 g\u1eafng \u0111\u1ea3m b\u1ea3o th\u00f4ng tin ch\u00ednh x\u00e1c v\u00e0 c\u1eadp nh\u1eadt, tuy nhi\u00ean kh\u00f4ng cam k\u1ebft tuy\u1ec7t \u0111\u1ed1i v\u1ec1 \u0111\u1ed9 ch\u00ednh x\u00e1c, \u0111\u1ea7y \u0111\u1ee7 ho\u1eb7c t\u00ednh ph\u00e1p l\u00fd c\u1ee7a n\u1ed9i dung. Ng\u01b0\u1eddi d\u00f9ng n\u00ean li\u00ean h\u1ec7 tr\u1ef1c ti\u1ebfp \u0111\u1ec3 x\u00e1c minh th\u00f4ng tin tr\u01b0\u1edbc khi \u0111\u01b0a ra quy\u1ebft \u0111\u1ecbnh.<\/span><\/p>\n<p class=\"zfr3Q CDt4Ke \" dir=\"ltr\"><span class=\"C9DxTc \">3. **Quy\u1ec1n s\u1edf h\u1eefu tr\u00ed tu\u1ec7**<\/span><\/p>\n<p class=\"zfr3Q CDt4Ke \" dir=\"ltr\"><span class=\"C9DxTc \">&nbsp;&nbsp;&nbsp;T\u1ea5t c\u1ea3 h\u00ecnh \u1ea3nh, n\u1ed9i dung, thi\u1ebft k\u1ebf v\u00e0 t\u00e0i li\u1ec7u tr\u00ean trang \u0111\u1ec1u thu\u1ed9c quy\u1ec1n s\u1edf h\u1eefu c\u1ee7a ch\u00fang t\u00f4i ho\u1eb7c \u0111\u01b0\u1ee3c s\u1eed d\u1ee5ng c\u00f3 ph\u00e9p. Nghi\u00eam c\u1ea5m sao ch\u00e9p, ch\u1ec9nh s\u1eeda ho\u1eb7c ph\u00e2n ph\u1ed1i l\u1ea1i m\u00e0 kh\u00f4ng c\u00f3 s\u1ef1 \u0111\u1ed3ng \u00fd b\u1eb1ng v\u0103n b\u1ea3n.<\/span><\/p>\n<p class=\"zfr3Q CDt4Ke \" dir=\"ltr\"><span class=\"C9DxTc \">4. **B\u1ea3o m\u1eadt th\u00f4ng tin**<\/span><\/p>\n<p class=\"zfr3Q CDt4Ke \" dir=\"ltr\"><span class=\"C9DxTc \">&nbsp;&nbsp;&nbsp;Ch\u00fang t\u00f4i cam k\u1ebft b\u1ea3o v\u1ec7 th\u00f4ng tin c\u00e1 nh\u00e2n c\u1ee7a ng\u01b0\u1eddi d\u00f9ng theo quy \u0111\u1ecbnh ph\u00e1p lu\u1eadt. M\u1ecdi th\u00f4ng tin thu th\u1eadp s\u1ebd ch\u1ec9 \u0111\u01b0\u1ee3c s\u1eed d\u1ee5ng cho m\u1ee5c \u0111\u00edch t\u01b0 v\u1ea5n v\u00e0 h\u1ed7 tr\u1ee3 kh\u00e1ch h\u00e0ng.<\/span><\/p>\n<p class=\"zfr3Q CDt4Ke \" dir=\"ltr\"><span class=\"C9DxTc \">5. **Gi\u1edbi h\u1ea1n tr\u00e1ch nhi\u1ec7m**<\/span><\/p>\n<p class=\"zfr3Q CDt4Ke \" dir=\"ltr\"><span class=\"C9DxTc \">&nbsp;&nbsp;&nbsp;Ch\u00fang t\u00f4i kh\u00f4ng ch\u1ecbu tr\u00e1ch nhi\u1ec7m \u0111\u1ed1i v\u1edbi b\u1ea5t k\u1ef3 thi\u1ec7t h\u1ea1i n\u00e0o ph\u00e1t sinh t\u1eeb vi\u1ec7c s\u1eed d\u1ee5ng th\u00f4ng tin tr\u00ean trang, bao g\u1ed3m nh\u01b0ng kh\u00f4ng gi\u1edbi h\u1ea1n \u1edf sai s\u00f3t, thi\u1ebfu s\u00f3t ho\u1eb7c th\u00f4ng tin kh\u00f4ng c\u00f2n hi\u1ec7u l\u1ef1c.<\/span><\/p>\n<p class=\"zfr3Q CDt4Ke \" dir=\"ltr\"><span class=\"C9DxTc \">6. **Thay \u0111\u1ed5i \u0111i\u1ec1u kho\u1ea3n**<\/span><\/p>\n<p class=\"zfr3Q CDt4Ke \" dir=\"ltr\"><span class=\"C9DxTc \">&nbsp;&nbsp;&nbsp;Ch\u00fang t\u00f4i c\u00f3 quy\u1ec1n c\u1eadp nh\u1eadt ho\u1eb7c thay \u0111\u1ed5i \u0111i\u1ec1u kho\u1ea3n s\u1eed d\u1ee5ng b\u1ea5t k\u1ef3 l\u00fac n\u00e0o m\u00e0 kh\u00f4ng c\u1ea7n th\u00f4ng b\u00e1o tr\u01b0\u1edbc. Vi\u1ec7c ti\u1ebfp t\u1ee5c s\u1eed d\u1ee5ng trang sau khi \u0111i\u1ec1u kho\u1ea3n \u0111\u01b0\u1ee3c c\u1eadp nh\u1eadt \u0111\u1ed3ng ngh\u0129a v\u1edbi vi\u1ec7c b\u1ea1n ch\u1ea5p nh\u1eadn c\u00e1c thay \u0111\u1ed5i \u0111\u00f3.<\/span><\/p>\n<p><br><\/p>\t\t\t\t\t\t\t\t<\/div>\n\t\t\t\t\t<\/div>\n\t\t\t\t<\/div>\n\t\t<div class=\"elementor-element elementor-element-a9a08bb e-flex e-con-boxed e-con e-parent\" data-id=\"a9a08bb\" data-element_type=\"container\">\n\t\t\t\t\t<div class=\"e-con-inner\">\n\t\t<div class=\"elementor-element elementor-element-6ad1637 e-con-full e-flex e-con e-child\" data-id=\"6ad1637\" data-element_type=\"container\">\n\t\t\t\t<div class=\"elementor-element elementor-element-d256518 elementor-button-success elementor-widget elementor-widget-button\" data-id=\"d256518\" data-element_type=\"widget\" data-widget_type=\"button.default\">\n\t\t\t\t\t\t\t\t\t\t<a class=\"elementor-button elementor-button-link elementor-size-sm\" href=\"https:\/\/lavidaplus.io.vn\/\">\n\t\t\t\t\t\t<span class=\"elementor-button-content-wrapper\">\n\t\t\t\t\t\t\t\t\t<span class=\"elementor-button-text\">Xem Chi Ti\u1ebft D\u1ef1 \u00c1n<\/span>\n\t\t\t\t\t<\/span>\n\t\t\t\t\t<\/a>\n\t\t\t\t\t\t\t\t<\/div>\n\t\t\t\t<\/div>\n\t\t\t\t\t<\/div>\n\t\t\t\t<\/div>\n\t\t\t\t<\/div>\n\t\t","protected":false},"excerpt":{"rendered":"<p>*** \u0110i\u1ec1u Kho\u1ea3n S\u1eed D\u1ee5ng. Khi truy c\u1eadp v\u00e0 s\u1eed d\u1ee5ng trang web n\u00e0y, b\u1ea1n \u0111\u1ed3ng \u00fd tu\u00e2n th\u1ee7 c\u00e1c \u0111i\u1ec1u kho\u1ea3n sau: 1. **M\u1ee5c \u0111\u00edch s\u1eed d\u1ee5ng** &nbsp;&nbsp;&nbsp;Trang web cung c\u1ea5p th\u00f4ng tin tham kh\u1ea3o v\u1ec1 d\u1ef1 \u00e1n c\u0103n h\u1ed9 Lavida Plus Qu\u1eadn 7. M\u1ecdi n\u1ed9i dung \u0111\u1ec1u mang t\u00ednh ch\u1ea5t gi\u1edbi thi\u1ec7u v\u00e0 [&hellip;]<\/p>\n","protected":false},"author":1,"featured_media":0,"parent":17,"menu_order":0,"comment_status":"closed","ping_status":"closed","template":"","meta":{"footnotes":""},"class_list":["post-213","page","type-page","status-publish","hentry"],"_links":{"self":[{"href":"https:\/\/lavidaplus.io.vn\/index.php?rest_route=\/wp\/v2\/pages\/213","targetHints":{"allow":["GET"]}}],"collection":[{"href":"https:\/\/lavidaplus.io.vn\/index.php?rest_route=\/wp\/v2\/pages"}],"about":[{"href":"https:\/\/lavidaplus.io.vn\/index.php?rest_route=\/wp\/v2\/types\/page"}],"author":[{"embeddable":true,"href":"https:\/\/lavidaplus.io.vn\/index.php?rest_route=\/wp\/v2\/users\/1"}],"replies":[{"embeddable":true,"href":"https:\/\/lavidaplus.io.vn\/index.php?rest_route=%2Fwp%2Fv2%2Fcomments&post=213"}],"version-history":[{"count":14,"href":"https:\/\/lavidaplus.io.vn\/index.php?rest_route=\/wp\/v2\/pages\/213\/revisions"}],"predecessor-version":[{"id":416,"href":"https:\/\/lavidaplus.io.vn\/index.php?rest_route=\/wp\/v2\/pages\/213\/revisions\/416"}],"up":[{"embeddable":true,"href":"https:\/\/lavidaplus.io.vn\/index.php?rest_route=\/wp\/v2\/pages\/17"}],"wp:attachment":[{"href":"https:\/\/lavidaplus.io.vn\/index.php?rest_route=%2Fwp%2Fv2%2Fmedia&parent=213"}],"curies":[{"name":"wp","href":"https:\/\/api.w.org\/{rel}","templated":true}]}}