{"id":298,"date":"2025-11-06T08:57:39","date_gmt":"2025-11-06T08:57:39","guid":{"rendered":"https:\/\/lavidaplus.io.vn\/?page_id=298"},"modified":"2025-11-20T04:24:54","modified_gmt":"2025-11-20T04:24:54","slug":"chinh-sach-bao-mat","status":"publish","type":"page","link":"https:\/\/lavidaplus.io.vn\/?page_id=298","title":{"rendered":"Ch\u00ednh S\u00e1ch B\u1ea3o M\u1eadt"},"content":{"rendered":"\t\t<div data-elementor-type=\"wp-page\" data-elementor-id=\"298\" class=\"elementor elementor-298\">\n\t\t\t\t<div class=\"elementor-element elementor-element-99751ea e-flex e-con-boxed e-con e-parent\" data-id=\"99751ea\" data-element_type=\"container\">\n\t\t\t\t\t<div class=\"e-con-inner\">\n\t\t<div class=\"elementor-element elementor-element-c3a1850 e-con-full e-flex e-con e-child\" data-id=\"c3a1850\" data-element_type=\"container\">\n\t\t\t\t<div class=\"elementor-element elementor-element-3c7ab37 elementor-widget__width-auto elementor-widget elementor-widget-image\" data-id=\"3c7ab37\" data-element_type=\"widget\" data-widget_type=\"image.default\">\n\t\t\t\t\t\t\t\t\t\t\t\t\t\t\t<img decoding=\"async\" src=\"https:\/\/lavidaplus.io.vn\/wp-content\/uploads\/2025\/11\/9-1.png\" title=\"9\" alt=\"9\" loading=\"lazy\" \/>\t\t\t\t\t\t\t\t\t\t\t\t\t\t\t<\/div>\n\t\t\t\t<\/div>\n\t\t\t\t<div class=\"elementor-element elementor-element-31e7483 elementor-widget elementor-widget-heading\" data-id=\"31e7483\" data-element_type=\"widget\" data-widget_type=\"heading.default\">\n\t\t\t\t\t<h2 class=\"elementor-heading-title elementor-size-default\">*** Ch\u00ednh S\u00e1ch B\u1ea3o M\u1eadt .<\/h2>\t\t\t\t<\/div>\n\t\t\t\t<div class=\"elementor-element elementor-element-569c5e1 elementor-widget elementor-widget-text-editor\" data-id=\"569c5e1\" data-element_type=\"widget\" data-widget_type=\"text-editor.default\">\n\t\t\t\t\t\t\t\t\t<p class=\"zfr3Q CDt4Ke \" dir=\"ltr\"><span class=\"C9DxTc \">1. \u0110\u01a1n v\u1ecb thu th\u1eadp v\u00e0 qu\u1ea3n l\u00fd th\u00f4ng tin<\/span><\/p><ul class=\"n8H08c UVNKR \"><li class=\"zfr3Q TYR86d eD0Rn \" dir=\"ltr\"><p class=\"zfr3Q CDt4Ke \" dir=\"ltr\" role=\"presentation\"><span class=\"C9DxTc \">T\u00ean c\u00f4ng ty<\/span><span class=\"C9DxTc \">: C\u00d4NG TY C\u1ed4 PH\u1ea6N LYN PROPERTY<\/span><\/p><\/li><li class=\"zfr3Q TYR86d eD0Rn \" dir=\"ltr\"><p class=\"zfr3Q CDt4Ke \" dir=\"ltr\" role=\"presentation\"><span class=\"C9DxTc \">M\u00e3 s\u1ed1 thu\u1ebf<\/span><span class=\"C9DxTc \">: 0315596474<\/span><\/p><\/li><li class=\"zfr3Q TYR86d eD0Rn \" dir=\"ltr\"><p class=\"zfr3Q CDt4Ke \" dir=\"ltr\" role=\"presentation\"><span class=\"C9DxTc \">\u0110\u1ecba ch\u1ec9 v\u0103n ph\u00f2ng giao d\u1ecbch<\/span><span class=\"C9DxTc \">: 113 Tr\u1ea7n Qu\u1ed1c To\u1ea3n, Ph\u01b0\u1eddng V\u00f5 Th\u1ecb S\u00e1u, Qu\u1eadn 3, TP. H\u1ed3 Ch\u00ed Minh, Vi\u1ec7t Nam<\/span><\/p><\/li><li class=\"zfr3Q TYR86d eD0Rn \" dir=\"ltr\"><p class=\"zfr3Q CDt4Ke \" dir=\"ltr\" role=\"presentation\"><span class=\"C9DxTc \">S\u1ed1 \u0111i\u1ec7n tho\u1ea1i<\/span><span class=\"C9DxTc \">: 0902 880 813 (Zalo, Viber)<\/span><\/p><\/li><li class=\"zfr3Q TYR86d eD0Rn \" dir=\"ltr\"><p class=\"zfr3Q CDt4Ke \" dir=\"ltr\" role=\"presentation\"><span class=\"C9DxTc \">Email<\/span><span class=\"C9DxTc \">: trungpt@lyn.com.vn<\/span><\/p><\/li><\/ul><p class=\"zfr3Q CDt4Ke \" dir=\"ltr\"><span class=\"C9DxTc \">2. Th\u00f4ng tin \u0111\u01b0\u1ee3c thu th\u1eadp<\/span><\/p><p class=\"zfr3Q CDt4Ke \" dir=\"ltr\"><span class=\"C9DxTc \">Khi b\u1ea1n \u0111i\u1ec1n v\u00e0o bi\u1ec3u m\u1eabu tr\u00ean website, ch\u00fang t\u00f4i c\u00f3 th\u1ec3 thu th\u1eadp c\u00e1c th\u00f4ng tin sau:<\/span><\/p><ul class=\"n8H08c UVNKR \"><li class=\"zfr3Q TYR86d eD0Rn \" dir=\"ltr\"><p class=\"zfr3Q CDt4Ke \" dir=\"ltr\" role=\"presentation\"><span class=\"C9DxTc \">H\u1ecd v\u00e0 t\u00ean<\/span><\/p><\/li><li class=\"zfr3Q TYR86d eD0Rn \" dir=\"ltr\"><p class=\"zfr3Q CDt4Ke \" dir=\"ltr\" role=\"presentation\"><span class=\"C9DxTc \">S\u1ed1 \u0111i\u1ec7n tho\u1ea1i<\/span><\/p><\/li><li class=\"zfr3Q TYR86d eD0Rn \" dir=\"ltr\"><p class=\"zfr3Q CDt4Ke \" dir=\"ltr\" role=\"presentation\"><span class=\"C9DxTc \">Email<\/span><\/p><\/li><li class=\"zfr3Q TYR86d eD0Rn \" dir=\"ltr\"><p class=\"zfr3Q CDt4Ke \" dir=\"ltr\" role=\"presentation\"><span class=\"C9DxTc \">N\u1ed9i dung c\u1ea7n t\u01b0 v\u1ea5n<\/span><\/p><\/li><\/ul><p class=\"zfr3Q CDt4Ke \" dir=\"ltr\"><span class=\"C9DxTc \">3. M\u1ee5c \u0111\u00edch s\u1eed d\u1ee5ng th\u00f4ng tin<\/span><\/p><p class=\"zfr3Q CDt4Ke \" dir=\"ltr\"><span class=\"C9DxTc \">Th\u00f4ng tin c\u00e1 nh\u00e2n \u0111\u01b0\u1ee3c thu th\u1eadp nh\u1eb1m:<\/span><\/p><ul class=\"n8H08c UVNKR \"><li class=\"zfr3Q TYR86d eD0Rn \" dir=\"ltr\"><p class=\"zfr3Q CDt4Ke \" dir=\"ltr\" role=\"presentation\"><span class=\"C9DxTc \">Li\u00ean h\u1ec7 t\u01b0 v\u1ea5n, cung c\u1ea5p th\u00f4ng tin chi ti\u1ebft v\u1ec1 d\u1ef1 \u00e1n Lavida Plus<\/span><\/p><\/li><li class=\"zfr3Q TYR86d eD0Rn \" dir=\"ltr\"><p class=\"zfr3Q CDt4Ke \" dir=\"ltr\" role=\"presentation\"><span class=\"C9DxTc \">H\u1ed7 tr\u1ee3 kh\u00e1ch h\u00e0ng \u0111\u1eb7t l\u1ecbch tham quan th\u1ef1c t\u1ebf<\/span><\/p><\/li><li class=\"zfr3Q TYR86d eD0Rn \" dir=\"ltr\"><p class=\"zfr3Q CDt4Ke \" dir=\"ltr\" role=\"presentation\"><span class=\"C9DxTc \">G\u1eedi th\u00f4ng tin c\u1eadp nh\u1eadt v\u1ec1 ti\u1ebfn \u0111\u1ed9, ch\u00ednh s\u00e1ch b\u00e1n h\u00e0ng, \u01b0u \u0111\u00e3i<\/span><\/p><\/li><li class=\"zfr3Q TYR86d eD0Rn \" dir=\"ltr\"><p class=\"zfr3Q CDt4Ke \" dir=\"ltr\" role=\"presentation\"><span class=\"C9DxTc \">C\u1ea3i thi\u1ec7n ch\u1ea5t l\u01b0\u1ee3ng d\u1ecbch v\u1ee5 v\u00e0 tr\u1ea3i nghi\u1ec7m ng\u01b0\u1eddi d\u00f9ng<\/span><\/p><\/li><\/ul><p class=\"zfr3Q CDt4Ke \" dir=\"ltr\"><span class=\"C9DxTc \">4. Th\u1eddi gian l\u01b0u tr\u1eef th\u00f4ng tin<\/span><\/p><p class=\"zfr3Q CDt4Ke \" dir=\"ltr\"><span class=\"C9DxTc \">Th\u00f4ng tin c\u00e1 nh\u00e2n s\u1ebd \u0111\u01b0\u1ee3c l\u01b0u tr\u1eef trong th\u1eddi gian c\u1ea7n thi\u1ebft \u0111\u1ec3 ph\u1ee5c v\u1ee5 m\u1ee5c \u0111\u00edch t\u01b0 v\u1ea5n, ho\u1eb7c theo quy \u0111\u1ecbnh ph\u00e1p lu\u1eadt hi\u1ec7n h\u00e0nh.<\/span><\/p><p class=\"zfr3Q CDt4Ke \" dir=\"ltr\"><span class=\"C9DxTc \">5. Ch\u00ednh S\u00e1ch b\u1ea3o m\u1eadt<\/span><\/p><ul class=\"n8H08c UVNKR \"><li class=\"zfr3Q TYR86d eD0Rn \" dir=\"ltr\"><p class=\"zfr3Q CDt4Ke \" dir=\"ltr\" role=\"presentation\"><span class=\"C9DxTc \">Ch\u00fang t\u00f4i cam k\u1ebft kh\u00f4ng chia s\u1ebb, ti\u1ebft l\u1ed9 ho\u1eb7c chuy\u1ec3n giao th\u00f4ng tin c\u00e1 nh\u00e2n c\u1ee7a b\u1ea1n cho b\u1ea5t k\u1ef3 b\u00ean th\u1ee9 ba n\u00e0o, tr\u1eeb khi c\u00f3 y\u00eau c\u1ea7u t\u1eeb c\u01a1 quan nh\u00e0 n\u01b0\u1edbc c\u00f3 th\u1ea9m quy\u1ec1n.<\/span><\/p><\/li><li class=\"zfr3Q TYR86d eD0Rn \" dir=\"ltr\"><p class=\"zfr3Q CDt4Ke \" dir=\"ltr\" role=\"presentation\"><span class=\"C9DxTc \">D\u1eef li\u1ec7u \u0111\u01b0\u1ee3c l\u01b0u tr\u1eef v\u00e0 b\u1ea3o v\u1ec7 b\u1eb1ng c\u00e1c bi\u1ec7n ph\u00e1p k\u1ef9 thu\u1eadt ph\u00f9 h\u1ee3p \u0111\u1ec3 ng\u0103n ch\u1eb7n truy c\u1eadp tr\u00e1i ph\u00e9p.<\/span><\/p><\/li><\/ul><p class=\"zfr3Q CDt4Ke \" dir=\"ltr\"><span class=\"C9DxTc \">6. Quy\u1ec1n c\u1ee7a kh\u00e1ch h\u00e0ng<\/span><\/p><ul class=\"n8H08c UVNKR \"><li class=\"zfr3Q TYR86d eD0Rn \" dir=\"ltr\"><p class=\"zfr3Q CDt4Ke \" dir=\"ltr\" role=\"presentation\"><span class=\"C9DxTc \">B\u1ea1n c\u00f3 quy\u1ec1n y\u00eau c\u1ea7u xem, ch\u1ec9nh s\u1eeda ho\u1eb7c x\u00f3a th\u00f4ng tin c\u00e1 nh\u00e2n b\u1ea5t k\u1ef3 l\u00fac n\u00e0o b\u1eb1ng c\u00e1ch li\u00ean h\u1ec7 qua s\u1ed1 \u0111i\u1ec7n tho\u1ea1i ho\u1eb7c email n\u00eau tr\u00ean.<\/span><\/p><\/li><li class=\"zfr3Q TYR86d eD0Rn \" dir=\"ltr\"><p class=\"zfr3Q CDt4Ke \" dir=\"ltr\" role=\"presentation\"><span class=\"C9DxTc \">Ch\u00fang t\u00f4i s\u1ebd x\u1eed l\u00fd y\u00eau c\u1ea7u trong v\u00f2ng 01 (m\u1ed9t) ng\u00e0y l\u00e0m vi\u1ec7c k\u1ec3 t\u1eeb khi nh\u1eadn \u0111\u01b0\u1ee3c y\u00eau c\u1ea7u .<\/span><\/p><\/li><\/ul><p class=\"zfr3Q CDt4Ke \" dir=\"ltr\"><span class=\"C9DxTc \">7. Cookies v\u00e0 c\u00f4ng ngh\u1ec7 theo d\u00f5i<\/span><\/p><p class=\"zfr3Q CDt4Ke \" dir=\"ltr\"><span class=\"C9DxTc \">Trang web c\u00f3 th\u1ec3 s\u1eed d\u1ee5ng cookies \u0111\u1ec3 c\u1ea3i thi\u1ec7n tr\u1ea3i nghi\u1ec7m ng\u01b0\u1eddi d\u00f9ng. B\u1ea1n c\u00f3 th\u1ec3 t\u00f9y ch\u1ec9nh tr\u00ecnh duy\u1ec7t \u0111\u1ec3 t\u1eeb ch\u1ed1i cookies n\u1ebfu mu\u1ed1n.<\/span><\/p><p class=\"zfr3Q CDt4Ke \" dir=\"ltr\"><span class=\"C9DxTc \">8. Thay \u0111\u1ed5i ch\u00ednh s\u00e1ch<\/span><\/p><p class=\"zfr3Q CDt4Ke \" dir=\"ltr\"><span class=\"C9DxTc \">Ch\u00ednh s\u00e1ch b\u1ea3o m\u1eadt c\u00f3 th\u1ec3 \u0111\u01b0\u1ee3c c\u1eadp nh\u1eadt m\u00e0 kh\u00f4ng c\u1ea7n th\u00f4ng b\u00e1o tr\u01b0\u1edbc. Vi\u1ec7c ti\u1ebfp t\u1ee5c s\u1eed d\u1ee5ng trang web \u0111\u1ed3ng ngh\u0129a v\u1edbi vi\u1ec7c b\u1ea1n \u0111\u1ed3ng \u00fd v\u1edbi c\u00e1c thay \u0111\u1ed5i \u0111\u00f3.<\/span><\/p>\t\t\t\t\t\t\t\t<\/div>\n\t\t\t\t\t<\/div>\n\t\t\t\t<\/div>\n\t\t<div class=\"elementor-element elementor-element-2b03121 e-con-full e-flex e-con e-parent\" data-id=\"2b03121\" data-element_type=\"container\">\n\t\t\t\t<div class=\"elementor-element elementor-element-e01bacb elementor-button-success elementor-widget elementor-widget-button\" data-id=\"e01bacb\" data-element_type=\"widget\" data-widget_type=\"button.default\">\n\t\t\t\t\t\t\t\t\t\t<a class=\"elementor-button elementor-button-link elementor-size-sm\" href=\"https:\/\/lavidaplus.io.vn\/\">\n\t\t\t\t\t\t<span class=\"elementor-button-content-wrapper\">\n\t\t\t\t\t\t\t\t\t<span class=\"elementor-button-text\">Xem Chi Ti\u1ebft D\u1ef1 \u00c1n<\/span>\n\t\t\t\t\t<\/span>\n\t\t\t\t\t<\/a>\n\t\t\t\t\t\t\t\t<\/div>\n\t\t\t\t<\/div>\n\t\t\t\t<\/div>\n\t\t","protected":false},"excerpt":{"rendered":"<p>*** Ch\u00ednh S\u00e1ch B\u1ea3o M\u1eadt . 1. \u0110\u01a1n v\u1ecb thu th\u1eadp v\u00e0 qu\u1ea3n l\u00fd th\u00f4ng tin T\u00ean c\u00f4ng ty: C\u00d4NG TY C\u1ed4 PH\u1ea6N LYN PROPERTY M\u00e3 s\u1ed1 thu\u1ebf: 0315596474 \u0110\u1ecba ch\u1ec9 v\u0103n ph\u00f2ng giao d\u1ecbch: 113 Tr\u1ea7n Qu\u1ed1c To\u1ea3n, Ph\u01b0\u1eddng V\u00f5 Th\u1ecb S\u00e1u, Qu\u1eadn 3, TP. H\u1ed3 Ch\u00ed Minh, Vi\u1ec7t Nam S\u1ed1 \u0111i\u1ec7n tho\u1ea1i: 0902 [&hellip;]<\/p>\n","protected":false},"author":1,"featured_media":317,"parent":17,"menu_order":0,"comment_status":"closed","ping_status":"closed","template":"","meta":{"footnotes":""},"class_list":["post-298","page","type-page","status-publish","has-post-thumbnail","hentry"],"_links":{"self":[{"href":"https:\/\/lavidaplus.io.vn\/index.php?rest_route=\/wp\/v2\/pages\/298","targetHints":{"allow":["GET"]}}],"collection":[{"href":"https:\/\/lavidaplus.io.vn\/index.php?rest_route=\/wp\/v2\/pages"}],"about":[{"href":"https:\/\/lavidaplus.io.vn\/index.php?rest_route=\/wp\/v2\/types\/page"}],"author":[{"embeddable":true,"href":"https:\/\/lavidaplus.io.vn\/index.php?rest_route=\/wp\/v2\/users\/1"}],"replies":[{"embeddable":true,"href":"https:\/\/lavidaplus.io.vn\/index.php?rest_route=%2Fwp%2Fv2%2Fcomments&post=298"}],"version-history":[{"count":27,"href":"https:\/\/lavidaplus.io.vn\/index.php?rest_route=\/wp\/v2\/pages\/298\/revisions"}],"predecessor-version":[{"id":426,"href":"https:\/\/lavidaplus.io.vn\/index.php?rest_route=\/wp\/v2\/pages\/298\/revisions\/426"}],"up":[{"embeddable":true,"href":"https:\/\/lavidaplus.io.vn\/index.php?rest_route=\/wp\/v2\/pages\/17"}],"wp:featuredmedia":[{"embeddable":true,"href":"https:\/\/lavidaplus.io.vn\/index.php?rest_route=\/wp\/v2\/media\/317"}],"wp:attachment":[{"href":"https:\/\/lavidaplus.io.vn\/index.php?rest_route=%2Fwp%2Fv2%2Fmedia&parent=298"}],"curies":[{"name":"wp","href":"https:\/\/api.w.org\/{rel}","templated":true}]}}