{"id":453,"date":"2025-11-25T02:35:05","date_gmt":"2025-11-25T02:35:05","guid":{"rendered":"https:\/\/lavidaplus.io.vn\/?page_id=453"},"modified":"2025-11-25T03:00:37","modified_gmt":"2025-11-25T03:00:37","slug":"cam-ket-minh-bach","status":"publish","type":"page","link":"https:\/\/lavidaplus.io.vn\/?page_id=453","title":{"rendered":"CAM K\u1ebeT MINH B\u1ea0CH"},"content":{"rendered":"\t\t<div data-elementor-type=\"wp-page\" data-elementor-id=\"453\" class=\"elementor elementor-453\">\n\t\t\t\t<div class=\"elementor-element elementor-element-f06a43f e-flex e-con-boxed e-con e-parent\" data-id=\"f06a43f\" data-element_type=\"container\">\n\t\t\t\t\t<div class=\"e-con-inner\">\n\t\t\t\t<div class=\"elementor-element elementor-element-8b79548 elementor-widget elementor-widget-heading\" data-id=\"8b79548\" data-element_type=\"widget\" data-widget_type=\"heading.default\">\n\t\t\t\t\t<h2 class=\"elementor-heading-title elementor-size-default\">CAM K\u1ebeT MINH B\u1ea0CH V\u1ec0 VAI TR\u00d2 T\u01af V\u1ea4N<\/h2>\t\t\t\t<\/div>\n\t\t\t\t\t<\/div>\n\t\t\t\t<\/div>\n\t\t<div class=\"elementor-element elementor-element-2978e08 e-flex e-con-boxed e-con e-parent\" data-id=\"2978e08\" data-element_type=\"container\">\n\t\t\t\t\t<div class=\"e-con-inner\">\n\t\t<div class=\"elementor-element elementor-element-9deb4f5 e-con-full e-flex e-con e-child\" data-id=\"9deb4f5\" data-element_type=\"container\">\n\t\t\t\t<div class=\"elementor-element elementor-element-f0deb60 elementor-widget elementor-widget-text-editor\" data-id=\"f0deb60\" data-element_type=\"widget\" data-widget_type=\"text-editor.default\">\n\t\t\t\t\t\t\t\t\t<ul><li><h2><img decoding=\"async\" class=\"emoji\" role=\"img\" draggable=\"false\" src=\"https:\/\/s.w.org\/images\/core\/emoji\/16.0.1\/svg\/1f6e1.svg\" alt=\"\ud83d\udee1\ufe0f\" \/> CAM K\u1ebeT MINH B\u1ea0CH V\u1ec0 VAI TR\u00d2 T\u01af V\u1ea4N<\/h2><p><strong>Ng\u01b0\u1eddi v\u1eadn h\u00e0nh trang web:<\/strong> Ph\u1ea1m Th\u00e0nh Trung \u2013 Chuy\u00ean vi\u00ean t\u01b0 v\u1ea5n d\u1ef1 \u00e1n Lavida Plus, nh\u00e2n vi\u00ean C\u00f4ng ty C\u1ed5 ph\u1ea7n Lyn Property (M\u00e3 s\u1ed1 doanh nghi\u1ec7p: 0315596474 )<\/p><\/li><\/ul>\t\t\t\t\t\t\t\t<\/div>\n\t\t<div class=\"elementor-element elementor-element-a3fb98a e-con-full e-flex e-con e-child\" data-id=\"a3fb98a\" data-element_type=\"container\">\n\t\t\t\t<div class=\"elementor-element elementor-element-d0a902b elementor-widget elementor-widget-image\" data-id=\"d0a902b\" data-element_type=\"widget\" data-widget_type=\"image.default\">\n\t\t\t\t\t\t\t\t\t\t\t\t\t\t\t<img fetchpriority=\"high\" decoding=\"async\" width=\"800\" height=\"450\" src=\"https:\/\/lavidaplus.io.vn\/wp-content\/uploads\/2025\/11\/lyn-property-scaled-1-1024x576.jpg\" class=\"attachment-large size-large wp-image-470\" alt=\"\" srcset=\"https:\/\/lavidaplus.io.vn\/wp-content\/uploads\/2025\/11\/lyn-property-scaled-1-1024x576.jpg 1024w, https:\/\/lavidaplus.io.vn\/wp-content\/uploads\/2025\/11\/lyn-property-scaled-1-300x169.jpg 300w, https:\/\/lavidaplus.io.vn\/wp-content\/uploads\/2025\/11\/lyn-property-scaled-1-768x432.jpg 768w, https:\/\/lavidaplus.io.vn\/wp-content\/uploads\/2025\/11\/lyn-property-scaled-1-1536x864.jpg 1536w, https:\/\/lavidaplus.io.vn\/wp-content\/uploads\/2025\/11\/lyn-property-scaled-1-2048x1152.jpg 2048w\" sizes=\"(max-width: 800px) 100vw, 800px\" \/>\t\t\t\t\t\t\t\t\t\t\t\t\t\t\t<\/div>\n\t\t\t\t<\/div>\n\t\t\t\t<\/div>\n\t\t\t\t<div class=\"elementor-element elementor-element-bfdc8ce elementor-widget elementor-widget-text-editor\" data-id=\"bfdc8ce\" data-element_type=\"widget\" data-widget_type=\"text-editor.default\">\n\t\t\t\t\t\t\t\t\t<h3>1. T\u00ednh minh b\u1ea1ch v\u1ec1 t\u01b0 c\u00e1ch ph\u00e1p l\u00fd<\/h3><p>Trang web n\u00e0y l\u00e0 <strong>k\u00eanh th\u00f4ng tin t\u01b0 v\u1ea5n \u0111\u1ed9c l\u1eadp<\/strong> do Ph\u1ea1m Th\u00e0nh Trung \u2013 nh\u00e2n vi\u00ean Lyn Property \u2013 v\u1eadn h\u00e0nh. Trang web <strong>kh\u00f4ng ph\u1ea3i l\u00e0 website ch\u00ednh th\u1ee9c c\u1ee7a ch\u1ee7 \u0111\u1ea7u t\u01b0<\/strong> d\u1ef1 \u00e1n Lavida Plus (C\u00f4ng ty C\u1ed5 ph\u1ea7n Qu\u1ed1c C\u01b0\u1eddng Gia Lai). M\u1ecdi n\u1ed9i dung tr\u00ean trang \u0111\u1ec1u nh\u1eb1m m\u1ee5c \u0111\u00edch <strong>h\u1ed7 tr\u1ee3 kh\u00e1ch h\u00e0ng t\u00ecm hi\u1ec3u th\u00f4ng tin d\u1ef1 \u00e1n<\/strong>, kh\u00f4ng \u0111\u1ea1i di\u1ec7n ph\u00e1p l\u00fd cho ch\u1ee7 \u0111\u1ea7u t\u01b0.<\/p><div>\u00a0<\/div><h3>2. Ngu\u1ed3n th\u00f4ng tin v\u00e0 \u0111\u1ed9 ch\u00ednh x\u00e1c<\/h3><p>T\u1ea5t c\u1ea3 th\u00f4ng tin v\u1ec1 <strong>gi\u00e1 b\u00e1n, ch\u00ednh s\u00e1ch \u01b0u \u0111\u00e3i, ph\u00e1p l\u00fd d\u1ef1 \u00e1n<\/strong> \u0111\u1ec1u \u0111\u01b0\u1ee3c t\u1ed5ng h\u1ee3p t\u1eeb c\u00e1c t\u00e0i li\u1ec7u c\u00f4ng khai c\u1ee7a ch\u1ee7 \u0111\u1ea7u t\u01b0 v\u00e0 \u0111\u01a1n v\u1ecb ph\u00e2n ph\u1ed1i ch\u00ednh th\u1ee9c. Ch\u00fang t\u00f4i cam k\u1ebft <strong>kh\u00f4ng ch\u1ec9nh s\u1eeda, b\u00f3p m\u00e9o ho\u1eb7c tr\u00ecnh b\u00e0y sai l\u1ec7ch<\/strong> th\u00f4ng tin d\u1ef1 \u00e1n.<\/p><div>\u00a0<\/div><h3>3. Cam k\u1ebft kh\u00f4ng m\u1ea1o danh<\/h3><p>T\u00f4i cam k\u1ebft:<\/p><ul><li><p>Kh\u00f4ng s\u1eed d\u1ee5ng ng\u00f4n t\u1eeb g\u00e2y hi\u1ec3u l\u1ea7m v\u1ec1 li\u00ean k\u1ebft ph\u00e1p l\u00fd v\u1edbi ch\u1ee7 \u0111\u1ea7u t\u01b0.<\/p><\/li><li><p>Kh\u00f4ng m\u1ea1o danh t\u1ed5 ch\u1ee9c, th\u01b0\u01a1ng hi\u1ec7u ho\u1eb7c c\u01a1 quan nh\u00e0 n\u01b0\u1edbc.<\/p><\/li><li><p>Kh\u00f4ng s\u1eed d\u1ee5ng h\u00ecnh \u1ea3nh, logo ho\u1eb7c t\u00ean mi\u1ec1n g\u00e2y nh\u1ea7m l\u1eabn l\u00e0 website ch\u00ednh th\u1ee9c c\u1ee7a ch\u1ee7 \u0111\u1ea7u t\u01b0.<\/p><\/li><li><p>Kh\u00f4ng th\u1ef1c hi\u1ec7n h\u00e0nh vi l\u1eeba \u0111\u1ea3o, thu th\u1eadp th\u00f4ng tin c\u00e1 nh\u00e2n tr\u00e1i ph\u00e9p ho\u1eb7c ch\u00e0o m\u1eddi d\u1ecbch v\u1ee5 kh\u00f4ng c\u00f3 kh\u1ea3 n\u0103ng cung c\u1ea5p.<\/p><\/li><\/ul><div>\u00a0<\/div><h3>4. H\u1ed7 tr\u1ee3 v\u00e0 tr\u00e1ch nhi\u1ec7m<\/h3><p>T\u00f4i cam k\u1ebft <strong>h\u1ed7 tr\u1ee3 kh\u00e1ch h\u00e0ng to\u00e0n di\u1ec7n<\/strong> trong qu\u00e1 tr\u00ecnh t\u00ecm hi\u1ec3u v\u00e0 giao d\u1ecbch:<\/p><ul><li><p>T\u01b0 v\u1ea5n l\u1ef1a ch\u1ecdn c\u0103n h\u1ed9 ph\u00f9 h\u1ee3p v\u1edbi nhu c\u1ea7u v\u00e0 t\u00e0i ch\u00ednh.<\/p><\/li><li><p>Cung c\u1ea5p th\u00f4ng tin minh b\u1ea1ch, c\u1eadp nh\u1eadt li\u00ean t\u1ee5c.<\/p><\/li><li><p>S\u1eb5n s\u00e0ng cung c\u1ea5p <strong>gi\u1ea5y ph\u00e9p kinh doanh c\u1ee7a Lyn Property<\/strong>, <strong>h\u1ee3p \u0111\u1ed3ng lao \u0111\u1ed9ng<\/strong>, v\u00e0 c\u00e1c t\u00e0i li\u1ec7u x\u00e1c minh t\u01b0 c\u00e1ch ph\u00e1p l\u00fd khi \u0111\u01b0\u1ee3c y\u00eau c\u1ea7u.<\/p><\/li><\/ul><div>\u00a0<\/div><h3>5. Ch\u00ednh s\u00e1ch minh b\u1ea1ch<\/h3><p>Trang web tu\u00e2n th\u1ee7 \u0111\u1ea7y \u0111\u1ee7 c\u00e1c ch\u00ednh s\u00e1ch:<\/p><ul><li><p>[Ch\u00ednh s\u00e1ch Quy\u1ec1n ri\u00eang t\u01b0 &amp; B\u1ea3o m\u1eadt]<\/p><\/li><li><p>[\u0110i\u1ec1u kho\u1ea3n S\u1eed d\u1ee5ng]<\/p><\/li><li><p>[Cam k\u1ebft ho\u00e0n ti\u1ec1n\/\u0111\u1ed5i tr\u1ea3] (n\u1ebfu c\u00f3 giao d\u1ecbch)<\/p><\/li><\/ul><div>\u00a0<\/div><p><img decoding=\"async\" class=\"emoji\" role=\"img\" draggable=\"false\" src=\"https:\/\/s.w.org\/images\/core\/emoji\/16.0.1\/svg\/1f4de.svg\" alt=\"\ud83d\udcde\" \/> <strong>Th\u00f4ng tin li\u00ean h\u1ec7:<\/strong> Ph\u1ea1m Th\u00e0nh Trung \u2013 Chuy\u00ean vi\u00ean t\u01b0 v\u1ea5n Hotline: 0921 803 141 Email: [trungpt@lyn.com.vn] \u0110\u1ecba ch\u1ec9 v\u0103n ph\u00f2ng: 113 Tr\u1ea7n Qu\u1ed1c To\u1ea3n, Ph\u01b0\u1eddng V\u00f5 Th\u1ecb S\u00e1u, Qu\u1eadn 3, TP.HCM<\/p>\t\t\t\t\t\t\t\t<\/div>\n\t\t\t\t\t<\/div>\n\t\t\t\t<\/div>\n\t\t\t\t<\/div>\n\t\t","protected":false},"excerpt":{"rendered":"<p>CAM K\u1ebeT MINH B\u1ea0CH V\u1ec0 VAI TR\u00d2 T\u01af V\u1ea4N CAM K\u1ebeT MINH B\u1ea0CH V\u1ec0 VAI TR\u00d2 T\u01af V\u1ea4N Ng\u01b0\u1eddi v\u1eadn h\u00e0nh trang web: Ph\u1ea1m Th\u00e0nh Trung \u2013 Chuy\u00ean vi\u00ean t\u01b0 v\u1ea5n d\u1ef1 \u00e1n Lavida Plus, nh\u00e2n vi\u00ean C\u00f4ng ty C\u1ed5 ph\u1ea7n Lyn Property (M\u00e3 s\u1ed1 doanh nghi\u1ec7p: 0315596474 ) 1. T\u00ednh minh b\u1ea1ch v\u1ec1 t\u01b0 [&hellip;]<\/p>\n","protected":false},"author":1,"featured_media":0,"parent":17,"menu_order":0,"comment_status":"closed","ping_status":"closed","template":"","meta":{"footnotes":""},"class_list":["post-453","page","type-page","status-publish","hentry"],"_links":{"self":[{"href":"https:\/\/lavidaplus.io.vn\/index.php?rest_route=\/wp\/v2\/pages\/453","targetHints":{"allow":["GET"]}}],"collection":[{"href":"https:\/\/lavidaplus.io.vn\/index.php?rest_route=\/wp\/v2\/pages"}],"about":[{"href":"https:\/\/lavidaplus.io.vn\/index.php?rest_route=\/wp\/v2\/types\/page"}],"author":[{"embeddable":true,"href":"https:\/\/lavidaplus.io.vn\/index.php?rest_route=\/wp\/v2\/users\/1"}],"replies":[{"embeddable":true,"href":"https:\/\/lavidaplus.io.vn\/index.php?rest_route=%2Fwp%2Fv2%2Fcomments&post=453"}],"version-history":[{"count":16,"href":"https:\/\/lavidaplus.io.vn\/index.php?rest_route=\/wp\/v2\/pages\/453\/revisions"}],"predecessor-version":[{"id":473,"href":"https:\/\/lavidaplus.io.vn\/index.php?rest_route=\/wp\/v2\/pages\/453\/revisions\/473"}],"up":[{"embeddable":true,"href":"https:\/\/lavidaplus.io.vn\/index.php?rest_route=\/wp\/v2\/pages\/17"}],"wp:attachment":[{"href":"https:\/\/lavidaplus.io.vn\/index.php?rest_route=%2Fwp%2Fv2%2Fmedia&parent=453"}],"curies":[{"name":"wp","href":"https:\/\/api.w.org\/{rel}","templated":true}]}}